{"id":31,"date":"2025-03-10T10:15:21","date_gmt":"2025-03-10T10:15:21","guid":{"rendered":"https:\/\/display.ma\/?page_id=31"},"modified":"2025-08-20T20:12:03","modified_gmt":"2025-08-20T20:12:03","slug":"home","status":"publish","type":"page","link":"https:\/\/display.ma\/","title":{"rendered":"Site Web en R\u00e9vision : Restez Connect\u00e9s !"},"content":{"rendered":"\t\t<div data-elementor-type=\"wp-page\" data-elementor-id=\"31\" class=\"elementor elementor-31\" data-elementor-post-type=\"page\">\n\t\t\t\t<div class=\"elementor-element elementor-element-b44ffdd e-flex e-con-boxed e-con e-parent\" data-id=\"b44ffdd\" data-element_type=\"container\" data-e-type=\"container\" data-settings=\"{&quot;background_background&quot;:&quot;classic&quot;,&quot;ekit_has_onepagescroll_dot&quot;:&quot;yes&quot;}\">\n\t\t\t\t\t<div class=\"e-con-inner\">\n\t\t\t\t<div class=\"elementor-element elementor-element-53b25d5 elementor-widget-mobile__width-inherit elementor-widget elementor-widget-elementskit-heading\" data-id=\"53b25d5\" data-element_type=\"widget\" data-e-type=\"widget\" data-settings=\"{&quot;ekit_we_effect_on&quot;:&quot;none&quot;}\" data-widget_type=\"elementskit-heading.default\">\n\t\t\t\t\t<div class=\"ekit-wid-con\" ><div class=\"ekit-heading elementskit-section-title-wraper text_center   ekit_heading_tablet-   ekit_heading_mobile-\">\t\t\t\t<span class='ekit-heading__shadow-text'>\n\t\t\t\t\tAGENCY\t\t\t\t<\/span>\n\t\t\t<h2 class=\"elementskit-section-subtitle   ekit-heading__subtitle-has-border\">\n\t\t\t\t\t\tBient\u00f4t Disponible\n\t\t\t\t\t<\/h2><h2 class=\"ekit-heading--title elementskit-section-title text_fill\"><span><span>DISPLAY<\/span><\/span><\/h2><\/div><\/div>\t\t\t\t<\/div>\n\t\t\t\t<div class=\"elementor-element elementor-element-43ac95c elementor-widget__width-initial elementor-widget elementor-widget-text-editor\" data-id=\"43ac95c\" data-element_type=\"widget\" data-e-type=\"widget\" data-settings=\"{&quot;ekit_we_effect_on&quot;:&quot;none&quot;}\" data-widget_type=\"text-editor.default\">\n\t\t\t\t\t\t\t\t\t<p>Notre site est actuellement en cours de restructuration pour vous offrir une exp\u00e9rience am\u00e9lior\u00e9e. Nous travaillons dur pour vous fournir un design moderne, une navigation simplifi\u00e9e et un contenu enrichi.<\/p>\n<p>Merci de votre patience et \u00e0 bient\u00f4t pour d\u00e9couvrir notre nouveau site !<\/p>\t\t\t\t\t\t\t\t<\/div>\n\t\t\t\t<div class=\"elementor-element elementor-element-305911c elementor-widget-mobile__width-initial elementor-widget-elementskit-dual-button-center elementor-widget__width-initial elementor-widget elementor-widget-elementskit-dual-button\" data-id=\"305911c\" data-element_type=\"widget\" data-e-type=\"widget\" data-settings=\"{&quot;ekit_we_effect_on&quot;:&quot;none&quot;}\" data-widget_type=\"elementskit-dual-button.default\">\n\t\t\t\t\t<div class=\"ekit-wid-con\" >\n                <div class=\"ekit-element-align-wrapper\">\n                    <div class=\"ekit_double_button\">                <a class=\"ekit-double-btn ekit-double-btn-one\" href=\"https:\/\/wa.me\/2120708070880\">\n                    <svg aria-hidden=\"true\" class=\"e-font-icon-svg e-fab-whatsapp\" viewBox=\"0 0 448 512\" xmlns=\"http:\/\/www.w3.org\/2000\/svg\"><path d=\"M380.9 97.1C339 55.1 283.2 32 223.9 32c-122.4 0-222 99.6-222 222 0 39.1 10.2 77.3 29.6 111L0 480l117.7-30.9c32.4 17.7 68.9 27 106.1 27h.1c122.3 0 224.1-99.6 224.1-222 0-59.3-25.2-115-67.1-157zm-157 341.6c-33.2 0-65.7-8.9-94-25.7l-6.7-4-69.8 18.3L72 359.2l-4.4-7c-18.5-29.4-28.2-63.3-28.2-98.2 0-101.7 82.8-184.5 184.6-184.5 49.3 0 95.6 19.2 130.4 54.1 34.8 34.9 56.2 81.2 56.1 130.5 0 101.8-84.9 184.6-186.6 184.6zm101.2-138.2c-5.5-2.8-32.8-16.2-37.9-18-5.1-1.9-8.8-2.8-12.5 2.8-3.7 5.6-14.3 18-17.6 21.8-3.2 3.7-6.5 4.2-12 1.4-32.6-16.3-54-29.1-75.5-66-5.7-9.8 5.7-9.1 16.3-30.3 1.8-3.7.9-6.9-.5-9.7-1.4-2.8-12.5-30.1-17.1-41.2-4.5-10.8-9.1-9.3-12.5-9.5-3.2-.2-6.9-.2-10.6-.2-3.7 0-9.7 1.4-14.8 6.9-5.1 5.6-19.4 19-19.4 46.3 0 27.3 19.9 53.7 22.6 57.4 2.8 3.7 39.1 59.7 94.8 83.8 35.2 15.2 49 16.5 66.6 13.9 10.7-1.6 32.8-13.4 37.4-26.4 4.6-13 4.6-24.1 3.2-26.4-1.3-2.5-5-3.9-10.5-6.6z\"><\/path><\/svg>Discutons sur WhatsApp                <\/a>\n            <span class='ekit_button_middle_text'>OU<\/span>\n            <a class=\"ekit-double-btn ekit-double-btn-two\" href=\"tel:0708070880\">\n                    <i aria-hidden=\"true\" class=\"icon icon-phone-call\"><\/i>Discutons au t\u00e9l\u00e9phone                <\/a>\n                  <\/div>\n                <\/div>\n            <\/div>\t\t\t\t<\/div>\n\t\t\t\t\t<\/div>\n\t\t\t\t<\/div>\n\t\t\t\t<\/div>\n\t\t","protected":false},"excerpt":{"rendered":"<p>AGENCY Bient\u00f4t Disponible DISPLAY Notre site est actuellement en cours de restructuration pour vous offrir une exp\u00e9rience am\u00e9lior\u00e9e. Nous travaillons dur pour vous fournir un design moderne, une navigation simplifi\u00e9e et un contenu enrichi. Merci de votre patience et \u00e0 bient\u00f4t pour d\u00e9couvrir notre nouveau site ! Discutons sur WhatsApp OU Discutons au t\u00e9l\u00e9phone<\/p>\n","protected":false},"author":1,"featured_media":0,"parent":0,"menu_order":0,"comment_status":"closed","ping_status":"closed","template":"elementor_canvas","meta":{"footnotes":""},"class_list":["post-31","page","type-page","status-publish","hentry"],"_links":{"self":[{"href":"https:\/\/display.ma\/index.php?rest_route=\/wp\/v2\/pages\/31","targetHints":{"allow":["GET"]}}],"collection":[{"href":"https:\/\/display.ma\/index.php?rest_route=\/wp\/v2\/pages"}],"about":[{"href":"https:\/\/display.ma\/index.php?rest_route=\/wp\/v2\/types\/page"}],"author":[{"embeddable":true,"href":"https:\/\/display.ma\/index.php?rest_route=\/wp\/v2\/users\/1"}],"replies":[{"embeddable":true,"href":"https:\/\/display.ma\/index.php?rest_route=%2Fwp%2Fv2%2Fcomments&post=31"}],"version-history":[{"count":53,"href":"https:\/\/display.ma\/index.php?rest_route=\/wp\/v2\/pages\/31\/revisions"}],"predecessor-version":[{"id":97,"href":"https:\/\/display.ma\/index.php?rest_route=\/wp\/v2\/pages\/31\/revisions\/97"}],"wp:attachment":[{"href":"https:\/\/display.ma\/index.php?rest_route=%2Fwp%2Fv2%2Fmedia&parent=31"}],"curies":[{"name":"wp","href":"https:\/\/api.w.org\/{rel}","templated":true}]}}